{"id":207,"date":"2023-09-20T15:15:37","date_gmt":"2023-09-20T13:15:37","guid":{"rendered":"https:\/\/lew.different.hu\/adatkezelesi-nyilatkozat\/"},"modified":"2024-09-09T16:29:29","modified_gmt":"2024-09-09T14:29:29","slug":"prohlaseni-o-sprave-dat","status":"publish","type":"page","link":"https:\/\/lew.different.hu\/cs\/prohlaseni-o-sprave-dat\/","title":{"rendered":"Prohl\u00e1\u0161en\u00ed o spr\u00e1v\u011b dat"},"content":{"rendered":"","protected":false},"excerpt":{"rendered":"","protected":false},"author":2,"featured_media":0,"parent":0,"menu_order":99,"comment_status":"closed","ping_status":"closed","template":"fullwidth.php","meta":{"rank_math_lock_modified_date":false,"footnotes":""},"class_list":["post-207","page","type-page","status-publish","hentry"],"_links":{"self":[{"href":"https:\/\/lew.different.hu\/cs\/wp-json\/wp\/v2\/pages\/207","targetHints":{"allow":["GET"]}}],"collection":[{"href":"https:\/\/lew.different.hu\/cs\/wp-json\/wp\/v2\/pages"}],"about":[{"href":"https:\/\/lew.different.hu\/cs\/wp-json\/wp\/v2\/types\/page"}],"author":[{"embeddable":true,"href":"https:\/\/lew.different.hu\/cs\/wp-json\/wp\/v2\/users\/2"}],"replies":[{"embeddable":true,"href":"https:\/\/lew.different.hu\/cs\/wp-json\/wp\/v2\/comments?post=207"}],"version-history":[{"count":2,"href":"https:\/\/lew.different.hu\/cs\/wp-json\/wp\/v2\/pages\/207\/revisions"}],"predecessor-version":[{"id":209,"href":"https:\/\/lew.different.hu\/cs\/wp-json\/wp\/v2\/pages\/207\/revisions\/209"}],"wp:attachment":[{"href":"https:\/\/lew.different.hu\/cs\/wp-json\/wp\/v2\/media?parent=207"}],"curies":[{"name":"wp","href":"https:\/\/api.w.org\/{rel}","templated":true}]}}