{"id":204,"date":"2023-09-20T17:50:00","date_gmt":"2023-09-20T15:50:00","guid":{"rendered":"https:\/\/lew.different.hu\/impresszum\/"},"modified":"2024-09-09T16:28:38","modified_gmt":"2024-09-09T14:28:38","slug":"otisk","status":"publish","type":"page","link":"https:\/\/lew.different.hu\/cs\/otisk\/","title":{"rendered":"Otisk"},"content":{"rendered":"<div id=\"pl-204\"  class=\"panel-layout\" ><div id=\"pg-204-0\"  class=\"panel-grid panel-no-style\" ><div id=\"pgc-204-0-0\"  class=\"panel-grid-cell\" ><div id=\"panel-204-0-0-0\" class=\"so-panel widget widget_ndm-imprint panel-first-child panel-last-child\" data-index=\"0\" ><div\n\t\t\t\n\t\t\tclass=\"so-widget-ndm-imprint so-widget-ndm-imprint-default-d75171398898-204\"\n\t\t\t\n\t\t><div class=\"ndm-imprint__provider mb-3 mb-lg-5\"><h4 class=\"ndm-heading col-12 - mb-2\">Szolg\u00e1ltat\u00f3<\/h4><p class=\"mb-0\"><strong>-<\/strong><\/p><p class=\"mb-0\"><strong>\u00dcgyvezet\u0151: <\/strong>-<\/p><p class=\"mb-0\"><strong>C\u00edm: <\/strong>-<\/p><p class=\"mb-0\"><strong>Ad\u00f3sz\u00e1m: <\/strong>-<\/p><p class=\"mb-0\"><strong>Nyilv\u00e1ntart\u00e1si sz\u00e1m: <\/strong>-<\/p><p class=\"mb-0\"><strong>E-mail: <\/strong><a href=\"mailto:-\">-<\/a><\/p><p class=\"mb-0\">-<\/p><\/div><div class=\"ndm-imprint__contact mb-3 mb-lg-5\"><h4 class=\"ndm-heading col-12 - mb-2\">Kapcsolat<\/h4><p class=\"mb-0\">-<\/p><p class=\"mb-0\"><strong>Telefonsz\u00e1m: <\/strong>-<\/p><p class=\"mb-0\"><strong>Email: <\/strong><a href=\"mailto:-\" class=\"mb-0\">-<\/a><\/p><\/div><div class=\"ndm-imprint__storage mb-3 mb-lg-5\"><h4 class=\"ndm-heading col-12 mb-2\">T\u00e1rhely szolg\u00e1ltat\u00f3<\/h4><p class=\"mb-0\"><strong>C\u00e9gn\u00e9v: <\/strong>-<\/p><p class=\"mb-0\"><strong>C\u00edm: <\/strong>-<\/p><p class=\"mb-0\"><strong>Ad\u00f3sz\u00e1m: <\/strong>-<\/p><p class=\"mb-0\"><strong>Telefonsz\u00e1m: <\/strong>-<\/p><p class=\"mb-0\"><strong>Email: <\/strong><a href=\"mailto:-\">-<\/a><\/p><\/div><div class=\"ndm-imprint__copyright\"><h4 class=\"ndm-heading col-12 mb-2\">Szerz\u0151i jogok, Copyright<\/h4><p>Jelen honlap kiad\u00f3ja a Leadingedge Wave.<\/p>\n<p>A Leadingedge Wave fenntart minden, a honlap b\u00e1rmely r\u00e9sz\u00e9nek (sz\u00f6veges tartalom, fot\u00f3k, stb.) b\u00e1rmilyen m\u00f3dszerrel, technik\u00e1val t\u00f6rt\u00e9n\u0151 m\u00e1sol\u00e1s\u00e1val \u00e9s terjeszt\u00e9s\u00e9vel kapcsolatos jogot. Az oldalak tartalm\u00e1t \u00e9s kialak\u00edt\u00e1s\u00e1t nemzetk\u00f6zi \u00e9s magyar t\u00f6rv\u00e9nyek v\u00e9dik. Tilos azokat ak\u00e1r eredeti, ak\u00e1r \u00e1t\u00edrt form\u00e1ban b\u00e1rmilyen m\u00e9diumban k\u00f6z\u00f6lni, sug\u00e1rozni vagy tov\u00e1bbadni, r\u00e9szben vagy eg\u00e9szben sz\u00e1m\u00edt\u00f3g\u00e9pen t\u00e1rolni. A Leadingedge Wave el\u0151zetes \u00edr\u00e1sos hozz\u00e1j\u00e1rul\u00e1sa n\u00e9lk\u00fcl tilos a honlap eg\u00e9sz\u00e9nek vagy r\u00e9szeinek feldolgoz\u00e1sa \u00e9s \u00e9rt\u00e9kes\u00edt\u00e9se.<\/p>\n<p>Ez a nyilatkozat a szerz\u0151i jogr\u00f3l sz\u00f3l\u00f3 1999. \u00e9vi LXXVI. t\u00f6rv\u00e9ny 36. \u00a7 (2) bekezd\u00e9s\u00e9ben foglaltak szerinti tilt\u00f3 nyilatkozatnak min\u0151s\u00fcl.<\/p>\n<\/div><\/div><\/div><\/div><\/div><\/div>","protected":false},"excerpt":{"rendered":"<p>Szolg\u00e1ltat\u00f3-\u00dcgyvezet\u0151: -C\u00edm: -Ad\u00f3sz\u00e1m: -Nyilv\u00e1ntart\u00e1si sz\u00e1m: -E-mail: &#8211;Kapcsolat-Telefonsz\u00e1m: -Email: -T\u00e1rhely szolg\u00e1ltat\u00f3C\u00e9gn\u00e9v: -C\u00edm: -Ad\u00f3sz\u00e1m: -Telefonsz\u00e1m: -Email: -Szerz\u0151i jogok, CopyrightJelen honlap kiad\u00f3ja a Leadingedge Wave. A Leadingedge Wave fenntart minden, a honlap b\u00e1rmely r\u00e9sz\u00e9nek (sz\u00f6veges tartalom, fot\u00f3k, stb.) b\u00e1rmilyen m\u00f3dszerrel, technik\u00e1val t\u00f6rt\u00e9n\u0151 m\u00e1sol\u00e1s\u00e1val \u00e9s terjeszt\u00e9s\u00e9vel kapcsolatos jogot. Az oldalak tartalm\u00e1t \u00e9s kialak\u00edt\u00e1s\u00e1t nemzetk\u00f6zi \u00e9s magyar t\u00f6rv\u00e9nyek v\u00e9dik. Tilos [&hellip;]<\/p>\n","protected":false},"author":2,"featured_media":0,"parent":0,"menu_order":98,"comment_status":"closed","ping_status":"closed","template":"fullwidth.php","meta":{"rank_math_lock_modified_date":false,"footnotes":""},"class_list":["post-204","page","type-page","status-publish","hentry"],"_links":{"self":[{"href":"https:\/\/lew.different.hu\/cs\/wp-json\/wp\/v2\/pages\/204","targetHints":{"allow":["GET"]}}],"collection":[{"href":"https:\/\/lew.different.hu\/cs\/wp-json\/wp\/v2\/pages"}],"about":[{"href":"https:\/\/lew.different.hu\/cs\/wp-json\/wp\/v2\/types\/page"}],"author":[{"embeddable":true,"href":"https:\/\/lew.different.hu\/cs\/wp-json\/wp\/v2\/users\/2"}],"replies":[{"embeddable":true,"href":"https:\/\/lew.different.hu\/cs\/wp-json\/wp\/v2\/comments?post=204"}],"version-history":[{"count":2,"href":"https:\/\/lew.different.hu\/cs\/wp-json\/wp\/v2\/pages\/204\/revisions"}],"predecessor-version":[{"id":206,"href":"https:\/\/lew.different.hu\/cs\/wp-json\/wp\/v2\/pages\/204\/revisions\/206"}],"wp:attachment":[{"href":"https:\/\/lew.different.hu\/cs\/wp-json\/wp\/v2\/media?parent=204"}],"curies":[{"name":"wp","href":"https:\/\/api.w.org\/{rel}","templated":true}]}}